{"id":577,"date":"2022-06-23T09:17:40","date_gmt":"2022-06-23T09:17:40","guid":{"rendered":"https:\/\/metricsalad.com\/noticia\/"},"modified":"2022-06-23T09:17:40","modified_gmt":"2022-06-23T09:17:40","slug":"noticia","status":"publish","type":"page","link":"https:\/\/metricsalad.com\/va\/noticia\/","title":{"rendered":"Not\u00edcia"},"content":{"rendered":"","protected":false},"excerpt":{"rendered":"","protected":false},"author":6,"featured_media":0,"parent":0,"menu_order":0,"comment_status":"closed","ping_status":"closed","template":"page-noticia.php","meta":{"_acf_changed":false,"footnotes":""},"class_list":["post-577","page","type-page","status-publish","hentry"],"acf":[],"yoast_head":"<!-- This site is optimized with the Yoast SEO plugin v27.3 - https:\/\/yoast.com\/product\/yoast-seo-wordpress\/ -->\n<title>Not\u00edcia - Metric Salad<\/title>\n<meta name=\"description\" content=\"Not\u00edcies, actualitat, tend\u00e8ncies i divulgaci\u00f3 innovadora. Te contem les novetats de les tend\u00e8ncies tecnol\u00f2giques\" \/>\n<meta name=\"robots\" content=\"index, follow, max-snippet:-1, max-image-preview:large, max-video-preview:-1\" \/>\n<link rel=\"canonical\" href=\"https:\/\/metricsalad.com\/va\/noticia\/\" \/>\n<meta property=\"og:locale\" content=\"en_US\" \/>\n<meta property=\"og:type\" content=\"article\" \/>\n<meta property=\"og:title\" content=\"Not\u00edcia - Metric Salad\" \/>\n<meta property=\"og:description\" content=\"Not\u00edcies, actualitat, tend\u00e8ncies i divulgaci\u00f3 innovadora. Te contem les novetats de les tend\u00e8ncies tecnol\u00f2giques\" \/>\n<meta property=\"og:url\" content=\"https:\/\/metricsalad.com\/va\/noticia\/\" \/>\n<meta property=\"og:site_name\" content=\"Metric Salad\" \/>\n<meta name=\"twitter:card\" content=\"summary_large_image\" \/>\n<script type=\"application\/ld+json\" class=\"yoast-schema-graph\">{\"@context\":\"https:\\\/\\\/schema.org\",\"@graph\":[{\"@type\":\"WebPage\",\"@id\":\"https:\\\/\\\/metricsalad.com\\\/va\\\/noticia\\\/\",\"url\":\"https:\\\/\\\/metricsalad.com\\\/va\\\/noticia\\\/\",\"name\":\"Not\u00edcia - Metric Salad\",\"isPartOf\":{\"@id\":\"https:\\\/\\\/metricsalad.com\\\/va\\\/#website\"},\"datePublished\":\"2022-06-23T09:17:40+00:00\",\"description\":\"Not\u00edcies, actualitat, tend\u00e8ncies i divulgaci\u00f3 innovadora. Te contem les novetats de les tend\u00e8ncies tecnol\u00f2giques\",\"breadcrumb\":{\"@id\":\"https:\\\/\\\/metricsalad.com\\\/va\\\/noticia\\\/#breadcrumb\"},\"inLanguage\":\"ca-CA\",\"potentialAction\":[{\"@type\":\"ReadAction\",\"target\":[\"https:\\\/\\\/metricsalad.com\\\/va\\\/noticia\\\/\"]}]},{\"@type\":\"BreadcrumbList\",\"@id\":\"https:\\\/\\\/metricsalad.com\\\/va\\\/noticia\\\/#breadcrumb\",\"itemListElement\":[{\"@type\":\"ListItem\",\"position\":1,\"name\":\"Portada\",\"item\":\"https:\\\/\\\/metricsalad.com\\\/va\\\/\"},{\"@type\":\"ListItem\",\"position\":2,\"name\":\"Not\u00edcia\"}]},{\"@type\":\"WebSite\",\"@id\":\"https:\\\/\\\/metricsalad.com\\\/va\\\/#website\",\"url\":\"https:\\\/\\\/metricsalad.com\\\/va\\\/\",\"name\":\"Metric Salad\",\"description\":\"Tu partner tecnol\u00f3gico\",\"publisher\":{\"@id\":\"https:\\\/\\\/metricsalad.com\\\/va\\\/#organization\"},\"potentialAction\":[{\"@type\":\"SearchAction\",\"target\":{\"@type\":\"EntryPoint\",\"urlTemplate\":\"https:\\\/\\\/metricsalad.com\\\/va\\\/?s={search_term_string}\"},\"query-input\":{\"@type\":\"PropertyValueSpecification\",\"valueRequired\":true,\"valueName\":\"search_term_string\"}}],\"inLanguage\":\"ca-CA\"},{\"@type\":\"Organization\",\"@id\":\"https:\\\/\\\/metricsalad.com\\\/va\\\/#organization\",\"name\":\"Metric Salad\",\"url\":\"https:\\\/\\\/metricsalad.com\\\/va\\\/\",\"logo\":{\"@type\":\"ImageObject\",\"inLanguage\":\"ca-CA\",\"@id\":\"https:\\\/\\\/metricsalad.com\\\/va\\\/#\\\/schema\\\/logo\\\/image\\\/\",\"url\":\"https:\\\/\\\/metricsalad.com\\\/wp-content\\\/uploads\\\/2022\\\/07\\\/Metric-Salad.png\",\"contentUrl\":\"https:\\\/\\\/metricsalad.com\\\/wp-content\\\/uploads\\\/2022\\\/07\\\/Metric-Salad.png\",\"width\":2000,\"height\":900,\"caption\":\"Metric Salad\"},\"image\":{\"@id\":\"https:\\\/\\\/metricsalad.com\\\/va\\\/#\\\/schema\\\/logo\\\/image\\\/\"}}]}<\/script>\n<!-- \/ Yoast SEO plugin. -->","yoast_head_json":{"title":"Not\u00edcia - Metric Salad","description":"Not\u00edcies, actualitat, tend\u00e8ncies i divulgaci\u00f3 innovadora. Te contem les novetats de les tend\u00e8ncies tecnol\u00f2giques","robots":{"index":"index","follow":"follow","max-snippet":"max-snippet:-1","max-image-preview":"max-image-preview:large","max-video-preview":"max-video-preview:-1"},"canonical":"https:\/\/metricsalad.com\/va\/noticia\/","og_locale":"en_US","og_type":"article","og_title":"Not\u00edcia - Metric Salad","og_description":"Not\u00edcies, actualitat, tend\u00e8ncies i divulgaci\u00f3 innovadora. Te contem les novetats de les tend\u00e8ncies tecnol\u00f2giques","og_url":"https:\/\/metricsalad.com\/va\/noticia\/","og_site_name":"Metric Salad","twitter_card":"summary_large_image","schema":{"@context":"https:\/\/schema.org","@graph":[{"@type":"WebPage","@id":"https:\/\/metricsalad.com\/va\/noticia\/","url":"https:\/\/metricsalad.com\/va\/noticia\/","name":"Not\u00edcia - Metric Salad","isPartOf":{"@id":"https:\/\/metricsalad.com\/va\/#website"},"datePublished":"2022-06-23T09:17:40+00:00","description":"Not\u00edcies, actualitat, tend\u00e8ncies i divulgaci\u00f3 innovadora. Te contem les novetats de les tend\u00e8ncies tecnol\u00f2giques","breadcrumb":{"@id":"https:\/\/metricsalad.com\/va\/noticia\/#breadcrumb"},"inLanguage":"ca-CA","potentialAction":[{"@type":"ReadAction","target":["https:\/\/metricsalad.com\/va\/noticia\/"]}]},{"@type":"BreadcrumbList","@id":"https:\/\/metricsalad.com\/va\/noticia\/#breadcrumb","itemListElement":[{"@type":"ListItem","position":1,"name":"Portada","item":"https:\/\/metricsalad.com\/va\/"},{"@type":"ListItem","position":2,"name":"Not\u00edcia"}]},{"@type":"WebSite","@id":"https:\/\/metricsalad.com\/va\/#website","url":"https:\/\/metricsalad.com\/va\/","name":"Metric Salad","description":"Tu partner tecnol\u00f3gico","publisher":{"@id":"https:\/\/metricsalad.com\/va\/#organization"},"potentialAction":[{"@type":"SearchAction","target":{"@type":"EntryPoint","urlTemplate":"https:\/\/metricsalad.com\/va\/?s={search_term_string}"},"query-input":{"@type":"PropertyValueSpecification","valueRequired":true,"valueName":"search_term_string"}}],"inLanguage":"ca-CA"},{"@type":"Organization","@id":"https:\/\/metricsalad.com\/va\/#organization","name":"Metric Salad","url":"https:\/\/metricsalad.com\/va\/","logo":{"@type":"ImageObject","inLanguage":"ca-CA","@id":"https:\/\/metricsalad.com\/va\/#\/schema\/logo\/image\/","url":"https:\/\/metricsalad.com\/wp-content\/uploads\/2022\/07\/Metric-Salad.png","contentUrl":"https:\/\/metricsalad.com\/wp-content\/uploads\/2022\/07\/Metric-Salad.png","width":2000,"height":900,"caption":"Metric Salad"},"image":{"@id":"https:\/\/metricsalad.com\/va\/#\/schema\/logo\/image\/"}}]}},"_links":{"self":[{"href":"https:\/\/metricsalad.com\/va\/wp-json\/wp\/v2\/pages\/577","targetHints":{"allow":["GET"]}}],"collection":[{"href":"https:\/\/metricsalad.com\/va\/wp-json\/wp\/v2\/pages"}],"about":[{"href":"https:\/\/metricsalad.com\/va\/wp-json\/wp\/v2\/types\/page"}],"author":[{"embeddable":true,"href":"https:\/\/metricsalad.com\/va\/wp-json\/wp\/v2\/users\/6"}],"replies":[{"embeddable":true,"href":"https:\/\/metricsalad.com\/va\/wp-json\/wp\/v2\/comments?post=577"}],"version-history":[{"count":0,"href":"https:\/\/metricsalad.com\/va\/wp-json\/wp\/v2\/pages\/577\/revisions"}],"wp:attachment":[{"href":"https:\/\/metricsalad.com\/va\/wp-json\/wp\/v2\/media?parent=577"}],"curies":[{"name":"wp","href":"https:\/\/api.w.org\/{rel}","templated":true}]}}